{"id":17,"date":"2026-02-18T22:42:09","date_gmt":"2026-02-18T19:42:09","guid":{"rendered":"https:\/\/a1teknoloji.com.tr\/?page_id=17"},"modified":"2026-02-18T23:23:28","modified_gmt":"2026-02-18T20:23:28","slug":"hakkimizda","status":"publish","type":"page","link":"https:\/\/a1teknoloji.com.tr\/index.php\/hakkimizda\/","title":{"rendered":"Hakk\u0131m\u0131zda"},"content":{"rendered":"\n<p><strong>A1 Teknoloji<\/strong>, dijital d\u00f6n\u00fc\u015f\u00fcm \u00e7a\u011f\u0131nda i\u015fletmelerin teknoloji g\u00fcc\u00fcn\u00fc art\u0131rmak i\u00e7in kurulmu\u015f, yenilik\u00e7i ve vizyoner bir bili\u015fim teknolojileri firmas\u0131d\u0131r.<\/p>\n\n\n\n<p>Yaz\u0131l\u0131m geli\u015ftirme, web ve mobil uygulama projeleri, e-ticaret sistemleri ve IoT \u00e7\u00f6z\u00fcmleriyle kurumlar\u0131n i\u015f s\u00fcre\u00e7lerini dijitalle\u015ftiriyor; siber g\u00fcvenlik hizmetleri, teknik servis ve bak\u0131m anla\u015fmalar\u0131yla bu sistemlerin g\u00fcvenli ve kesintisiz \u00e7al\u0131\u015fmas\u0131n\u0131 garanti alt\u0131na al\u0131yoruz.<\/p>\n\n\n\n<p>Biz sadece proje \u00fcretmeyiz; analiz eder, planlar, geli\u015ftirir ve s\u00fcrd\u00fcr\u00fclebilir destek sa\u011flar\u0131z. Her \u00e7\u00f6z\u00fcm\u00fc \u00f6l\u00e7eklenebilir, g\u00fcvenli ve gelece\u011fe haz\u0131r \u015fekilde tasarlar\u0131z. \u00c7\u00fcnk\u00fc biliyoruz ki teknoloji yaln\u0131zca bir ara\u00e7 de\u011fil, rekabet g\u00fcc\u00fcn\u00fcn ta kendisidir.<\/p>\n\n\n\n<p>A1 Teknoloji olarak biz de var\u0131z \u2014 g\u00fc\u00e7l\u00fc altyap\u0131m\u0131z, uzman ekibimiz ve sonu\u00e7 odakl\u0131 yakla\u015f\u0131m\u0131m\u0131zla i\u015fletmelerin dijital gelece\u011fini birlikte in\u015fa ediyoruz.<\/p>\n\n\n\n<hr class=\"wp-block-separator has-alpha-channel-opacity\"\/>\n\n\n\n<h1 class=\"wp-block-heading\">Misyonumuz<\/h1>\n\n\n\n<p>\u0130\u015fletmelerin dijital d\u00f6n\u00fc\u015f\u00fcm s\u00fcre\u00e7lerini h\u0131zland\u0131ran, g\u00fcvenli ve yenilik\u00e7i teknolojiler geli\u015ftirerek kurumlara s\u00fcrd\u00fcr\u00fclebilir rekabet avantaj\u0131 kazand\u0131rmak.<\/p>\n\n\n\n<hr class=\"wp-block-separator has-alpha-channel-opacity\"\/>\n\n\n\n<h1 class=\"wp-block-heading\">Vizyonumuz<\/h1>\n\n\n\n<p>Bili\u015fim teknolojileri alan\u0131nda g\u00fcvenilirli\u011fi, teknik uzmanl\u0131\u011f\u0131 ve yenilik\u00e7i projeleriyle fark yaratan; ulusal ve uluslararas\u0131 \u00f6l\u00e7ekte s\u00f6z sahibi bir teknoloji markas\u0131 olmak.<\/p>\n","protected":false},"excerpt":{"rendered":"<p>A1 Teknoloji, dijital d\u00f6n\u00fc\u015f\u00fcm \u00e7a\u011f\u0131nda i\u015fletmelerin teknoloji g\u00fcc\u00fcn\u00fc art\u0131rmak i\u00e7in kurulmu\u015f, yenilik\u00e7i ve vizyoner bir bili\u015fim teknolojileri firmas\u0131d\u0131r. Yaz\u0131l\u0131m geli\u015ftirme, web ve mobil uygulama projeleri, e-ticaret sistemleri ve IoT \u00e7\u00f6z\u00fcmleriyle kurumlar\u0131n i\u015f s\u00fcre\u00e7lerini dijitalle\u015ftiriyor; siber g\u00fcvenlik hizmetleri, teknik servis ve bak\u0131m anla\u015fmalar\u0131yla bu sistemlerin g\u00fcvenli ve kesintisiz \u00e7al\u0131\u015fmas\u0131n\u0131 garanti alt\u0131na al\u0131yoruz. Biz sadece proje \u00fcretmeyiz; [&hellip;]<\/p>\n","protected":false},"author":1,"featured_media":0,"parent":0,"menu_order":0,"comment_status":"closed","ping_status":"closed","template":"","meta":{"footnotes":""},"class_list":["post-17","page","type-page","status-publish","hentry"],"_links":{"self":[{"href":"https:\/\/a1teknoloji.com.tr\/index.php\/wp-json\/wp\/v2\/pages\/17","targetHints":{"allow":["GET"]}}],"collection":[{"href":"https:\/\/a1teknoloji.com.tr\/index.php\/wp-json\/wp\/v2\/pages"}],"about":[{"href":"https:\/\/a1teknoloji.com.tr\/index.php\/wp-json\/wp\/v2\/types\/page"}],"author":[{"embeddable":true,"href":"https:\/\/a1teknoloji.com.tr\/index.php\/wp-json\/wp\/v2\/users\/1"}],"replies":[{"embeddable":true,"href":"https:\/\/a1teknoloji.com.tr\/index.php\/wp-json\/wp\/v2\/comments?post=17"}],"version-history":[{"count":2,"href":"https:\/\/a1teknoloji.com.tr\/index.php\/wp-json\/wp\/v2\/pages\/17\/revisions"}],"predecessor-version":[{"id":27,"href":"https:\/\/a1teknoloji.com.tr\/index.php\/wp-json\/wp\/v2\/pages\/17\/revisions\/27"}],"wp:attachment":[{"href":"https:\/\/a1teknoloji.com.tr\/index.php\/wp-json\/wp\/v2\/media?parent=17"}],"curies":[{"name":"wp","href":"https:\/\/api.w.org\/{rel}","templated":true}]}}