{"id":32,"date":"2026-02-19T09:34:29","date_gmt":"2026-02-19T06:34:29","guid":{"rendered":"https:\/\/a1teknoloji.com.tr\/?page_id=32"},"modified":"2026-02-19T09:39:51","modified_gmt":"2026-02-19T06:39:51","slug":"web-tasarim-ve-web-yazilim","status":"publish","type":"page","link":"https:\/\/a1teknoloji.com.tr\/index.php\/web-tasarim-ve-web-yazilim\/","title":{"rendered":"Web Tasar\u0131m ve Web Yaz\u0131l\u0131m"},"content":{"rendered":"\n<p>Dijital d\u00fcnyada ilk izlenim b\u00fcy\u00fck \u00f6nem ta\u015f\u0131r. Markan\u0131z\u0131n kimli\u011fini yans\u0131tan, modern ve kullan\u0131c\u0131 deneyimi odakl\u0131 web projeleri geli\u015ftiriyoruz.<\/p>\n\n\n\n<p>Mobil uyumlu, h\u0131zl\u0131 ve g\u00fcvenli altyap\u0131lar sayesinde ziyaret\u00e7ilerinize kesintisiz bir deneyim sunuyor; arama motoru uyumlu yap\u0131lar ile dijital g\u00f6r\u00fcn\u00fcrl\u00fc\u011f\u00fcn\u00fcz\u00fc art\u0131r\u0131yoruz. Tasar\u0131m ve yaz\u0131l\u0131m s\u00fcre\u00e7lerini entegre bir \u015fekilde y\u00f6neterek hem estetik hem de performans odakl\u0131 \u00e7\u00f6z\u00fcmler \u00fcretiyoruz.<\/p>\n\n\n\n<p><strong>Neler Sunuyoruz?<\/strong><br>\u2022 Kurumsal web sitesi tasar\u0131m\u0131<br>\u2022 Web tabanl\u0131 uygulama geli\u015ftirme<br>\u2022 SEO uyumlu altyap\u0131<br>\u2022 \u0130\u00e7erik y\u00f6netim sistemleri<\/p>\n","protected":false},"excerpt":{"rendered":"<p>Dijital d\u00fcnyada ilk izlenim b\u00fcy\u00fck \u00f6nem ta\u015f\u0131r. Markan\u0131z\u0131n kimli\u011fini yans\u0131tan, modern ve kullan\u0131c\u0131 deneyimi odakl\u0131 web projeleri geli\u015ftiriyoruz. Mobil uyumlu, h\u0131zl\u0131 ve g\u00fcvenli altyap\u0131lar sayesinde ziyaret\u00e7ilerinize kesintisiz bir deneyim sunuyor; arama motoru uyumlu yap\u0131lar ile dijital g\u00f6r\u00fcn\u00fcrl\u00fc\u011f\u00fcn\u00fcz\u00fc art\u0131r\u0131yoruz. Tasar\u0131m ve yaz\u0131l\u0131m s\u00fcre\u00e7lerini entegre bir \u015fekilde y\u00f6neterek hem estetik hem de performans odakl\u0131 \u00e7\u00f6z\u00fcmler \u00fcretiyoruz. Neler [&hellip;]<\/p>\n","protected":false},"author":1,"featured_media":0,"parent":0,"menu_order":0,"comment_status":"closed","ping_status":"closed","template":"","meta":{"footnotes":""},"class_list":["post-32","page","type-page","status-publish","hentry"],"_links":{"self":[{"href":"https:\/\/a1teknoloji.com.tr\/index.php\/wp-json\/wp\/v2\/pages\/32","targetHints":{"allow":["GET"]}}],"collection":[{"href":"https:\/\/a1teknoloji.com.tr\/index.php\/wp-json\/wp\/v2\/pages"}],"about":[{"href":"https:\/\/a1teknoloji.com.tr\/index.php\/wp-json\/wp\/v2\/types\/page"}],"author":[{"embeddable":true,"href":"https:\/\/a1teknoloji.com.tr\/index.php\/wp-json\/wp\/v2\/users\/1"}],"replies":[{"embeddable":true,"href":"https:\/\/a1teknoloji.com.tr\/index.php\/wp-json\/wp\/v2\/comments?post=32"}],"version-history":[{"count":2,"href":"https:\/\/a1teknoloji.com.tr\/index.php\/wp-json\/wp\/v2\/pages\/32\/revisions"}],"predecessor-version":[{"id":55,"href":"https:\/\/a1teknoloji.com.tr\/index.php\/wp-json\/wp\/v2\/pages\/32\/revisions\/55"}],"wp:attachment":[{"href":"https:\/\/a1teknoloji.com.tr\/index.php\/wp-json\/wp\/v2\/media?parent=32"}],"curies":[{"name":"wp","href":"https:\/\/api.w.org\/{rel}","templated":true}]}}