{"id":34,"date":"2026-02-19T09:34:41","date_gmt":"2026-02-19T06:34:41","guid":{"rendered":"https:\/\/a1teknoloji.com.tr\/?page_id=34"},"modified":"2026-02-19T09:40:11","modified_gmt":"2026-02-19T06:40:11","slug":"e-ticaret-sistemleri","status":"publish","type":"page","link":"https:\/\/a1teknoloji.com.tr\/index.php\/e-ticaret-sistemleri\/","title":{"rendered":"E-Ticaret Sistemleri"},"content":{"rendered":"\n<p>Online sat\u0131\u015f s\u00fcre\u00e7lerinizi profesyonel bir altyap\u0131 ile y\u00f6netmenizi sa\u011fl\u0131yoruz. G\u00fcvenli \u00f6deme sistemleri, stok ve kargo entegrasyonlar\u0131 ile e-ticaret operasyonlar\u0131n\u0131z\u0131 tek merkezden kontrol edebilirsiniz.<\/p>\n\n\n\n<p>\u00d6l\u00e7eklenebilir altyap\u0131lar sayesinde b\u00fcy\u00fcyen i\u015f hacminize uyum sa\u011flayan sistemler kuruyor; sat\u0131\u015f performans\u0131n\u0131z\u0131 analiz edebilece\u011finiz raporlama ara\u00e7lar\u0131 sunuyoruz.<\/p>\n\n\n\n<p><strong>Neler Sunuyoruz?<\/strong><br>\u2022 E-ticaret sitesi kurulumu<br>\u2022 \u00d6deme ve banka entegrasyonlar\u0131<br>\u2022 Pazaryeri entegrasyonlar\u0131<br>\u2022 Sat\u0131\u015f ve performans raporlama sistemleri<\/p>\n","protected":false},"excerpt":{"rendered":"<p>Online sat\u0131\u015f s\u00fcre\u00e7lerinizi profesyonel bir altyap\u0131 ile y\u00f6netmenizi sa\u011fl\u0131yoruz. G\u00fcvenli \u00f6deme sistemleri, stok ve kargo entegrasyonlar\u0131 ile e-ticaret operasyonlar\u0131n\u0131z\u0131 tek merkezden kontrol edebilirsiniz. \u00d6l\u00e7eklenebilir altyap\u0131lar sayesinde b\u00fcy\u00fcyen i\u015f hacminize uyum sa\u011flayan sistemler kuruyor; sat\u0131\u015f performans\u0131n\u0131z\u0131 analiz edebilece\u011finiz raporlama ara\u00e7lar\u0131 sunuyoruz. Neler Sunuyoruz?\u2022 E-ticaret sitesi kurulumu\u2022 \u00d6deme ve banka entegrasyonlar\u0131\u2022 Pazaryeri entegrasyonlar\u0131\u2022 Sat\u0131\u015f ve performans raporlama [&hellip;]<\/p>\n","protected":false},"author":1,"featured_media":0,"parent":0,"menu_order":0,"comment_status":"closed","ping_status":"closed","template":"","meta":{"footnotes":""},"class_list":["post-34","page","type-page","status-publish","hentry"],"_links":{"self":[{"href":"https:\/\/a1teknoloji.com.tr\/index.php\/wp-json\/wp\/v2\/pages\/34","targetHints":{"allow":["GET"]}}],"collection":[{"href":"https:\/\/a1teknoloji.com.tr\/index.php\/wp-json\/wp\/v2\/pages"}],"about":[{"href":"https:\/\/a1teknoloji.com.tr\/index.php\/wp-json\/wp\/v2\/types\/page"}],"author":[{"embeddable":true,"href":"https:\/\/a1teknoloji.com.tr\/index.php\/wp-json\/wp\/v2\/users\/1"}],"replies":[{"embeddable":true,"href":"https:\/\/a1teknoloji.com.tr\/index.php\/wp-json\/wp\/v2\/comments?post=34"}],"version-history":[{"count":2,"href":"https:\/\/a1teknoloji.com.tr\/index.php\/wp-json\/wp\/v2\/pages\/34\/revisions"}],"predecessor-version":[{"id":56,"href":"https:\/\/a1teknoloji.com.tr\/index.php\/wp-json\/wp\/v2\/pages\/34\/revisions\/56"}],"wp:attachment":[{"href":"https:\/\/a1teknoloji.com.tr\/index.php\/wp-json\/wp\/v2\/media?parent=34"}],"curies":[{"name":"wp","href":"https:\/\/api.w.org\/{rel}","templated":true}]}}