{"id":36,"date":"2026-02-19T09:34:53","date_gmt":"2026-02-19T06:34:53","guid":{"rendered":"https:\/\/a1teknoloji.com.tr\/?page_id=36"},"modified":"2026-02-19T09:40:30","modified_gmt":"2026-02-19T06:40:30","slug":"mobil-uygulama-cozumleri","status":"publish","type":"page","link":"https:\/\/a1teknoloji.com.tr\/index.php\/mobil-uygulama-cozumleri\/","title":{"rendered":"Mobil Uygulama \u00c7\u00f6z\u00fcmleri"},"content":{"rendered":"\n<p>Mobil teknolojiler, i\u015fletmeler i\u00e7in do\u011frudan m\u00fc\u015fteri eri\u015fimi sa\u011flar. Android ve iOS platformlar\u0131na uygun, y\u00fcksek performansl\u0131 ve kullan\u0131c\u0131 dostu mobil uygulamalar geli\u015ftiriyoruz.<\/p>\n\n\n\n<p>Markan\u0131z\u0131n mobil d\u00fcnyada g\u00fc\u00e7l\u00fc bir \u015fekilde yer almas\u0131n\u0131 sa\u011flayarak m\u00fc\u015fteri ba\u011fl\u0131l\u0131\u011f\u0131n\u0131 art\u0131r\u0131yor ve hizmetlerinize her an eri\u015fim imk\u00e2n\u0131 sunuyoruz.<\/p>\n\n\n\n<p><strong>Neler Sunuyoruz?<\/strong><br>\u2022 iOS ve Android uygulama geli\u015ftirme<br>\u2022 Kurumsal mobil \u00e7\u00f6z\u00fcmler<br>\u2022 API entegrasyonlar\u0131<br>\u2022 Uygulama bak\u0131m ve g\u00fcncelleme hizmetleri<\/p>\n","protected":false},"excerpt":{"rendered":"<p>Mobil teknolojiler, i\u015fletmeler i\u00e7in do\u011frudan m\u00fc\u015fteri eri\u015fimi sa\u011flar. Android ve iOS platformlar\u0131na uygun, y\u00fcksek performansl\u0131 ve kullan\u0131c\u0131 dostu mobil uygulamalar geli\u015ftiriyoruz. Markan\u0131z\u0131n mobil d\u00fcnyada g\u00fc\u00e7l\u00fc bir \u015fekilde yer almas\u0131n\u0131 sa\u011flayarak m\u00fc\u015fteri ba\u011fl\u0131l\u0131\u011f\u0131n\u0131 art\u0131r\u0131yor ve hizmetlerinize her an eri\u015fim imk\u00e2n\u0131 sunuyoruz. Neler Sunuyoruz?\u2022 iOS ve Android uygulama geli\u015ftirme\u2022 Kurumsal mobil \u00e7\u00f6z\u00fcmler\u2022 API entegrasyonlar\u0131\u2022 Uygulama bak\u0131m ve [&hellip;]<\/p>\n","protected":false},"author":1,"featured_media":0,"parent":0,"menu_order":0,"comment_status":"closed","ping_status":"closed","template":"","meta":{"footnotes":""},"class_list":["post-36","page","type-page","status-publish","hentry"],"_links":{"self":[{"href":"https:\/\/a1teknoloji.com.tr\/index.php\/wp-json\/wp\/v2\/pages\/36","targetHints":{"allow":["GET"]}}],"collection":[{"href":"https:\/\/a1teknoloji.com.tr\/index.php\/wp-json\/wp\/v2\/pages"}],"about":[{"href":"https:\/\/a1teknoloji.com.tr\/index.php\/wp-json\/wp\/v2\/types\/page"}],"author":[{"embeddable":true,"href":"https:\/\/a1teknoloji.com.tr\/index.php\/wp-json\/wp\/v2\/users\/1"}],"replies":[{"embeddable":true,"href":"https:\/\/a1teknoloji.com.tr\/index.php\/wp-json\/wp\/v2\/comments?post=36"}],"version-history":[{"count":2,"href":"https:\/\/a1teknoloji.com.tr\/index.php\/wp-json\/wp\/v2\/pages\/36\/revisions"}],"predecessor-version":[{"id":57,"href":"https:\/\/a1teknoloji.com.tr\/index.php\/wp-json\/wp\/v2\/pages\/36\/revisions\/57"}],"wp:attachment":[{"href":"https:\/\/a1teknoloji.com.tr\/index.php\/wp-json\/wp\/v2\/media?parent=36"}],"curies":[{"name":"wp","href":"https:\/\/api.w.org\/{rel}","templated":true}]}}