{"id":38,"date":"2026-02-19T09:35:06","date_gmt":"2026-02-19T06:35:06","guid":{"rendered":"https:\/\/a1teknoloji.com.tr\/?page_id=38"},"modified":"2026-02-19T09:40:45","modified_gmt":"2026-02-19T06:40:45","slug":"iot-ve-akilli-sistemler","status":"publish","type":"page","link":"https:\/\/a1teknoloji.com.tr\/index.php\/iot-ve-akilli-sistemler\/","title":{"rendered":"IoT ve Ak\u0131ll\u0131 Sistemler"},"content":{"rendered":"\n<p>IoT \u00e7\u00f6z\u00fcmleri ile cihazlar aras\u0131 ileti\u015fimi m\u00fcmk\u00fcn k\u0131l\u0131yor, veri odakl\u0131 y\u00f6netim altyap\u0131lar\u0131 olu\u015fturuyoruz. Sens\u00f6r entegrasyonlar\u0131 ve uzaktan kontrol sistemleri ile operasyonel s\u00fcre\u00e7leri daha verimli ve \u00f6l\u00e7\u00fclebilir hale getiriyoruz.<\/p>\n\n\n\n<p>Ger\u00e7ek zamanl\u0131 veri takibi sayesinde karar alma s\u00fcre\u00e7lerini h\u0131zland\u0131r\u0131yor, i\u015fletmenize rekabet avantaj\u0131 kazand\u0131r\u0131yoruz.<\/p>\n\n\n\n<p><strong>Neler Sunuyoruz?<\/strong><br>\u2022 IoT yaz\u0131l\u0131m geli\u015ftirme<br>\u2022 Cihaz ve sens\u00f6r entegrasyonlar\u0131<br>\u2022 Veri toplama ve analiz sistemleri<br>\u2022 Uzaktan izleme ve kontrol \u00e7\u00f6z\u00fcmleri<\/p>\n","protected":false},"excerpt":{"rendered":"<p>IoT \u00e7\u00f6z\u00fcmleri ile cihazlar aras\u0131 ileti\u015fimi m\u00fcmk\u00fcn k\u0131l\u0131yor, veri odakl\u0131 y\u00f6netim altyap\u0131lar\u0131 olu\u015fturuyoruz. Sens\u00f6r entegrasyonlar\u0131 ve uzaktan kontrol sistemleri ile operasyonel s\u00fcre\u00e7leri daha verimli ve \u00f6l\u00e7\u00fclebilir hale getiriyoruz. Ger\u00e7ek zamanl\u0131 veri takibi sayesinde karar alma s\u00fcre\u00e7lerini h\u0131zland\u0131r\u0131yor, i\u015fletmenize rekabet avantaj\u0131 kazand\u0131r\u0131yoruz. Neler Sunuyoruz?\u2022 IoT yaz\u0131l\u0131m geli\u015ftirme\u2022 Cihaz ve sens\u00f6r entegrasyonlar\u0131\u2022 Veri toplama ve analiz sistemleri\u2022 [&hellip;]<\/p>\n","protected":false},"author":1,"featured_media":0,"parent":0,"menu_order":0,"comment_status":"closed","ping_status":"closed","template":"","meta":{"footnotes":""},"class_list":["post-38","page","type-page","status-publish","hentry"],"_links":{"self":[{"href":"https:\/\/a1teknoloji.com.tr\/index.php\/wp-json\/wp\/v2\/pages\/38","targetHints":{"allow":["GET"]}}],"collection":[{"href":"https:\/\/a1teknoloji.com.tr\/index.php\/wp-json\/wp\/v2\/pages"}],"about":[{"href":"https:\/\/a1teknoloji.com.tr\/index.php\/wp-json\/wp\/v2\/types\/page"}],"author":[{"embeddable":true,"href":"https:\/\/a1teknoloji.com.tr\/index.php\/wp-json\/wp\/v2\/users\/1"}],"replies":[{"embeddable":true,"href":"https:\/\/a1teknoloji.com.tr\/index.php\/wp-json\/wp\/v2\/comments?post=38"}],"version-history":[{"count":2,"href":"https:\/\/a1teknoloji.com.tr\/index.php\/wp-json\/wp\/v2\/pages\/38\/revisions"}],"predecessor-version":[{"id":58,"href":"https:\/\/a1teknoloji.com.tr\/index.php\/wp-json\/wp\/v2\/pages\/38\/revisions\/58"}],"wp:attachment":[{"href":"https:\/\/a1teknoloji.com.tr\/index.php\/wp-json\/wp\/v2\/media?parent=38"}],"curies":[{"name":"wp","href":"https:\/\/api.w.org\/{rel}","templated":true}]}}