{"id":40,"date":"2026-02-19T09:35:19","date_gmt":"2026-02-19T06:35:19","guid":{"rendered":"https:\/\/a1teknoloji.com.tr\/?page_id=40"},"modified":"2026-02-19T09:41:01","modified_gmt":"2026-02-19T06:41:01","slug":"siber-guvenlik-hizmetleri","status":"publish","type":"page","link":"https:\/\/a1teknoloji.com.tr\/index.php\/siber-guvenlik-hizmetleri\/","title":{"rendered":"Siber G\u00fcvenlik Hizmetleri"},"content":{"rendered":"\n<p>Dijital d\u00fcnyada g\u00fcvenlik en kritik unsurdur. \u0130\u015fletmenizin veri varl\u0131klar\u0131n\u0131 ve sistem altyap\u0131s\u0131n\u0131 tehditlere kar\u015f\u0131 korumak i\u00e7in kapsaml\u0131 g\u00fcvenlik \u00e7\u00f6z\u00fcmleri sunuyoruz.<\/p>\n\n\n\n<p>Risk analizleri, g\u00fcvenlik testleri ve koruma sistemleri ile bilgi g\u00fcvenli\u011finizi g\u00fc\u00e7lendiriyor; olas\u0131 sald\u0131r\u0131lara kar\u015f\u0131 \u00f6nleyici tedbirler al\u0131yoruz.<\/p>\n\n\n\n<p><strong>Neler Sunuyoruz?<\/strong><br>\u2022 A\u011f g\u00fcvenli\u011fi \u00e7\u00f6z\u00fcmleri<br>\u2022 G\u00fcvenlik analizi ve test hizmetleri<br>\u2022 Veri koruma sistemleri<br>\u2022 G\u00fcvenlik dan\u0131\u015fmanl\u0131\u011f\u0131<\/p>\n","protected":false},"excerpt":{"rendered":"<p>Dijital d\u00fcnyada g\u00fcvenlik en kritik unsurdur. \u0130\u015fletmenizin veri varl\u0131klar\u0131n\u0131 ve sistem altyap\u0131s\u0131n\u0131 tehditlere kar\u015f\u0131 korumak i\u00e7in kapsaml\u0131 g\u00fcvenlik \u00e7\u00f6z\u00fcmleri sunuyoruz. Risk analizleri, g\u00fcvenlik testleri ve koruma sistemleri ile bilgi g\u00fcvenli\u011finizi g\u00fc\u00e7lendiriyor; olas\u0131 sald\u0131r\u0131lara kar\u015f\u0131 \u00f6nleyici tedbirler al\u0131yoruz. Neler Sunuyoruz?\u2022 A\u011f g\u00fcvenli\u011fi \u00e7\u00f6z\u00fcmleri\u2022 G\u00fcvenlik analizi ve test hizmetleri\u2022 Veri koruma sistemleri\u2022 G\u00fcvenlik dan\u0131\u015fmanl\u0131\u011f\u0131<\/p>\n","protected":false},"author":1,"featured_media":0,"parent":0,"menu_order":0,"comment_status":"closed","ping_status":"closed","template":"","meta":{"footnotes":""},"class_list":["post-40","page","type-page","status-publish","hentry"],"_links":{"self":[{"href":"https:\/\/a1teknoloji.com.tr\/index.php\/wp-json\/wp\/v2\/pages\/40","targetHints":{"allow":["GET"]}}],"collection":[{"href":"https:\/\/a1teknoloji.com.tr\/index.php\/wp-json\/wp\/v2\/pages"}],"about":[{"href":"https:\/\/a1teknoloji.com.tr\/index.php\/wp-json\/wp\/v2\/types\/page"}],"author":[{"embeddable":true,"href":"https:\/\/a1teknoloji.com.tr\/index.php\/wp-json\/wp\/v2\/users\/1"}],"replies":[{"embeddable":true,"href":"https:\/\/a1teknoloji.com.tr\/index.php\/wp-json\/wp\/v2\/comments?post=40"}],"version-history":[{"count":2,"href":"https:\/\/a1teknoloji.com.tr\/index.php\/wp-json\/wp\/v2\/pages\/40\/revisions"}],"predecessor-version":[{"id":59,"href":"https:\/\/a1teknoloji.com.tr\/index.php\/wp-json\/wp\/v2\/pages\/40\/revisions\/59"}],"wp:attachment":[{"href":"https:\/\/a1teknoloji.com.tr\/index.php\/wp-json\/wp\/v2\/media?parent=40"}],"curies":[{"name":"wp","href":"https:\/\/api.w.org\/{rel}","templated":true}]}}