{"id":42,"date":"2026-02-19T09:35:31","date_gmt":"2026-02-19T06:35:31","guid":{"rendered":"https:\/\/a1teknoloji.com.tr\/?page_id=42"},"modified":"2026-02-19T09:41:14","modified_gmt":"2026-02-19T06:41:14","slug":"teknik-servis-ve-bakim-hizmetleri","status":"publish","type":"page","link":"https:\/\/a1teknoloji.com.tr\/index.php\/teknik-servis-ve-bakim-hizmetleri\/","title":{"rendered":"Teknik Servis ve Bak\u0131m Hizmetleri"},"content":{"rendered":"\n<p>Kurumsal sistemlerin kesintisiz \u00e7al\u0131\u015fmas\u0131 i\u00e7in d\u00fczenli bak\u0131m ve profesyonel destek \u015fartt\u0131r. Uzaktan destek, yerinde servis ve bak\u0131m anla\u015fmalar\u0131 ile teknolojik altyap\u0131n\u0131z\u0131 s\u00fcrekli kontrol alt\u0131nda tutuyoruz.<\/p>\n\n\n\n<p>Olas\u0131 sorunlar\u0131 olu\u015fmadan tespit ederek i\u015f s\u00fcreklili\u011finizi koruyor, sistem performans\u0131n\u0131z\u0131 maksimum seviyede tutuyoruz.<\/p>\n\n\n\n<p><strong>Neler Sunuyoruz?<\/strong><br>\u2022 Periyodik bak\u0131m anla\u015fmalar\u0131<br>\u2022 Uzaktan ve yerinde teknik destek<br>\u2022 Sistem performans kontrol\u00fc<br>\u2022 Ar\u0131za tespit ve \u00e7\u00f6z\u00fcm hizmetleri<\/p>\n","protected":false},"excerpt":{"rendered":"<p>Kurumsal sistemlerin kesintisiz \u00e7al\u0131\u015fmas\u0131 i\u00e7in d\u00fczenli bak\u0131m ve profesyonel destek \u015fartt\u0131r. Uzaktan destek, yerinde servis ve bak\u0131m anla\u015fmalar\u0131 ile teknolojik altyap\u0131n\u0131z\u0131 s\u00fcrekli kontrol alt\u0131nda tutuyoruz. Olas\u0131 sorunlar\u0131 olu\u015fmadan tespit ederek i\u015f s\u00fcreklili\u011finizi koruyor, sistem performans\u0131n\u0131z\u0131 maksimum seviyede tutuyoruz. Neler Sunuyoruz?\u2022 Periyodik bak\u0131m anla\u015fmalar\u0131\u2022 Uzaktan ve yerinde teknik destek\u2022 Sistem performans kontrol\u00fc\u2022 Ar\u0131za tespit ve \u00e7\u00f6z\u00fcm [&hellip;]<\/p>\n","protected":false},"author":1,"featured_media":0,"parent":0,"menu_order":0,"comment_status":"closed","ping_status":"closed","template":"","meta":{"footnotes":""},"class_list":["post-42","page","type-page","status-publish","hentry"],"_links":{"self":[{"href":"https:\/\/a1teknoloji.com.tr\/index.php\/wp-json\/wp\/v2\/pages\/42","targetHints":{"allow":["GET"]}}],"collection":[{"href":"https:\/\/a1teknoloji.com.tr\/index.php\/wp-json\/wp\/v2\/pages"}],"about":[{"href":"https:\/\/a1teknoloji.com.tr\/index.php\/wp-json\/wp\/v2\/types\/page"}],"author":[{"embeddable":true,"href":"https:\/\/a1teknoloji.com.tr\/index.php\/wp-json\/wp\/v2\/users\/1"}],"replies":[{"embeddable":true,"href":"https:\/\/a1teknoloji.com.tr\/index.php\/wp-json\/wp\/v2\/comments?post=42"}],"version-history":[{"count":2,"href":"https:\/\/a1teknoloji.com.tr\/index.php\/wp-json\/wp\/v2\/pages\/42\/revisions"}],"predecessor-version":[{"id":60,"href":"https:\/\/a1teknoloji.com.tr\/index.php\/wp-json\/wp\/v2\/pages\/42\/revisions\/60"}],"wp:attachment":[{"href":"https:\/\/a1teknoloji.com.tr\/index.php\/wp-json\/wp\/v2\/media?parent=42"}],"curies":[{"name":"wp","href":"https:\/\/api.w.org\/{rel}","templated":true}]}}